{"id":57,"date":"2019-09-26T01:26:34","date_gmt":"2019-09-26T01:26:34","guid":{"rendered":"https:\/\/bdaia.com\/dummy-content\/harmuny\/?page_id=57"},"modified":"2023-02-24T14:24:37","modified_gmt":"2023-02-24T14:24:37","slug":"about-us","status":"publish","type":"page","link":"https:\/\/zaglebie.net\/?page_id=57","title":{"rendered":"O mnie"},"content":{"rendered":"\n<h2 class=\"has-text-align-center wp-block-heading\">Cze\u015b\u0107<\/h2>\n\n\n\n<p>Kilka lat pracowa\u0142em jako dziennikarz, pisz\u0105c do Wiadomo\u015bci Zag\u0142\u0119bia, Sportu, Dziennika Zachodniego, nawet zadebiutowa\u0142em w Fakcie, g\u0142\u00f3wnie jednak tworzy\u0142em tre\u015bci do zapomnianych portali: sosnowiec.info.pl, a wsp\u00f3\u0142tworzy\u0142em: sportowezaglebie.pl, razem z Tomkiem, kt\u00f3ry by\u0142 pomys\u0142odawc\u0105 projektu, po\u015bwi\u0119ci\u0142em kilka lat na tworzenie regionalnych tre\u015bci, nast\u0119pnie kontynuowali\u015bmy z Paw\u0142em, Paw\u0142em, \u0141ukaszem i Szymonem. Tak jak \u015bpiewa HorrorShow: &#8222;Szko\u0142a, Praca, Dom, Kobieta&#8221; i projekt nie przetrwa\u0142 pr\u00f3by czasu, ale przywi\u0105zanie do regionu zosta\u0142o. Wi\u0119kszo\u015b\u0107 z nas nie da\u0142o rady pogodzi\u0107 z obowi\u0105zkami, a u mnie pojawi\u0142 si\u0119 konflikt interes\u00f3w, gdy\u017c dobrych kilka lat pracowa\u0142em w Zag\u0142\u0119biu Sosnowiec. Portal sprzeda\u0142em, niestety nie wr\u00f3ci\u0142 ju\u017c na rynek.  <\/p>\n\n\n\n<hr class=\"wp-block-separator has-css-opacity is-style-default\"\/>\n\n\n\n<h3 class=\"has-text-align-center wp-block-heading\">Zag\u0142\u0119bie<\/h3>\n\n\n\n<p>Lokalny patriotyzm to nic z\u0142ego, warto promowa\u0107 region i rzeczy z nim zwi\u0105zane. Dla mnie g\u0142\u00f3wnym towarem &#8222;eksportowym&#8221; Zag\u0142\u0119bia D\u0105browskiego zawsze by\u0142o, jest i b\u0119dzie Zag\u0142\u0119bie Sosnowiec. Dlatego skusi\u0142a mnie perspektywa pracy w klubie i mo\u017cliwo\u015b\u0107 budowania pierwszej oficjalnej strony. Pozdrawiam Adama, Jacka, Flexa i oczywi\u015bcie Paw\u0142a, Micha\u0142a, Per\u0142\u0119, Gracjana, Przemka i wiele os\u00f3b, kt\u00f3re pozna\u0142em na szlaku tworzenia tre\u015bci (przepraszam, \u017ce nie wymieniam wszystkim, ale by\u0142o to kilka lepszych i gorszych lat, ale wspania\u0142ej pracy).  Teraz ju\u017c pisz\u0119 jako mieszkaniec, kibic, ogl\u0105danie od \u015brodka pewnych rzeczy nie jest wskazane \ud83d\ude42<\/p>\n\n\n\n<hr class=\"wp-block-separator has-css-opacity is-style-default\"\/>\n\n\n\n<h3 class=\"has-text-align-center wp-block-heading\">Region <\/h3>\n\n\n\n<p>Zag\u0142\u0119bie D\u0105browskie to wspania\u0142y region. \u015awietna komunikacja, wiele zabytk\u00f3w, zar\u00f3wno tych historycznych, jak znany Zamek w B\u0119dzinie, ale tak\u017ce te poprzemys\u0142owe, architektoniczne, to r\u00f3wnie\u017c wspaniali ludzie, kiedy\u015b i obecnie tu \u017cyj\u0105cy, przecinaj\u0105ce si\u0119 kultury i zwi\u0105zana z nimi historia. To r\u00f3wnie\u017c wspania\u0142a tradycja i wiele sukces\u00f3w sportowych. <\/p>\n\n\n\n<h3 class=\"has-text-align-center wp-block-heading\">M\u00f3j cel<\/h3>\n\n\n\n<p>Nie planuje tworzy\u0107 z tej strony wielkiego portalu, raczej nie b\u0119dzie tu wielu wspania\u0142ych informacji, prywatne opinie, przemy\u015blenia, opisy i zdj\u0119cia, mo\u017ce wi\u0119cej dyskusji na twiterze? Oczywi\u015bcie zach\u0119cam osoby zainteresowane tekstami o regionie do kontaktu: zaglebie.net@gmail.com, kto wie, mo\u017ce co\u015b z tej historii powstanie wi\u0119cej&#8230; <\/p>\n","protected":false},"excerpt":{"rendered":"<p>Cze\u015b\u0107 Kilka lat pracowa\u0142em jako dziennikarz, pisz\u0105c do Wiadomo\u015bci Zag\u0142\u0119bia, Sportu, Dziennika Zachodniego, nawet zadebiutowa\u0142em w Fakcie, g\u0142\u00f3wnie jednak tworzy\u0142em,&#8230;<\/p>\n","protected":false},"author":1,"featured_media":3262,"parent":0,"menu_order":0,"comment_status":"closed","ping_status":"closed","template":"","meta":{"_mi_skip_tracking":false,"footnotes":""},"class_list":["post-57","page","type-page","status-publish","has-post-thumbnail","hentry"],"aioseo_notices":[],"_links":{"self":[{"href":"https:\/\/zaglebie.net\/index.php?rest_route=\/wp\/v2\/pages\/57"}],"collection":[{"href":"https:\/\/zaglebie.net\/index.php?rest_route=\/wp\/v2\/pages"}],"about":[{"href":"https:\/\/zaglebie.net\/index.php?rest_route=\/wp\/v2\/types\/page"}],"author":[{"embeddable":true,"href":"https:\/\/zaglebie.net\/index.php?rest_route=\/wp\/v2\/users\/1"}],"replies":[{"embeddable":true,"href":"https:\/\/zaglebie.net\/index.php?rest_route=%2Fwp%2Fv2%2Fcomments&post=57"}],"version-history":[{"count":2,"href":"https:\/\/zaglebie.net\/index.php?rest_route=\/wp\/v2\/pages\/57\/revisions"}],"predecessor-version":[{"id":3274,"href":"https:\/\/zaglebie.net\/index.php?rest_route=\/wp\/v2\/pages\/57\/revisions\/3274"}],"wp:featuredmedia":[{"embeddable":true,"href":"https:\/\/zaglebie.net\/index.php?rest_route=\/wp\/v2\/media\/3262"}],"wp:attachment":[{"href":"https:\/\/zaglebie.net\/index.php?rest_route=%2Fwp%2Fv2%2Fmedia&parent=57"}],"curies":[{"name":"wp","href":"https:\/\/api.w.org\/{rel}","templated":true}]}}