{"id":59,"date":"2019-09-26T01:27:07","date_gmt":"2019-09-26T01:27:07","guid":{"rendered":"https:\/\/bdaia.com\/dummy-content\/harmuny\/?page_id=59"},"modified":"2023-02-24T14:28:08","modified_gmt":"2023-02-24T14:28:08","slug":"contact","status":"publish","type":"page","link":"https:\/\/zaglebie.net\/?page_id=59","title":{"rendered":"Kontakt"},"content":{"rendered":"<div class=\"wp-block-image\">\n<figure class=\"aligncenter\"><img decoding=\"async\" src=\"https:\/\/bdaia.com\/dummy-content\/harmuny\/wp-content\/uploads\/2018\/11\/lucija-ros-538672-unsplash-1024x683.jpg\" alt=\"\" class=\"wp-image-330\"\/><\/figure><\/div>\n\n\n<h2 class=\"has-text-align-center wp-block-heading\">Napisz do nas<\/h2>\n\n\n\n<p>Masz ciekaw\u0105 histori\u0119, mo\u017ce chcesz doda\u0107 ciekawe zdj\u0119cia? Wy\u015blij maila: zaglebie.net@gmail.com<\/p>\n\n\n\n<hr class=\"wp-block-separator has-css-opacity is-style-default\"\/>\n","protected":false},"excerpt":{"rendered":"<p>Napisz do nas Masz ciekaw\u0105 histori\u0119, mo\u017ce chcesz doda\u0107 ciekawe zdj\u0119cia? Wy\u015blij maila: zaglebie.net@gmail.com<\/p>\n","protected":false},"author":1,"featured_media":0,"parent":0,"menu_order":0,"comment_status":"closed","ping_status":"closed","template":"","meta":{"_mi_skip_tracking":false,"footnotes":""},"class_list":["post-59","page","type-page","status-publish","hentry"],"aioseo_notices":[],"_links":{"self":[{"href":"https:\/\/zaglebie.net\/index.php?rest_route=\/wp\/v2\/pages\/59"}],"collection":[{"href":"https:\/\/zaglebie.net\/index.php?rest_route=\/wp\/v2\/pages"}],"about":[{"href":"https:\/\/zaglebie.net\/index.php?rest_route=\/wp\/v2\/types\/page"}],"author":[{"embeddable":true,"href":"https:\/\/zaglebie.net\/index.php?rest_route=\/wp\/v2\/users\/1"}],"replies":[{"embeddable":true,"href":"https:\/\/zaglebie.net\/index.php?rest_route=%2Fwp%2Fv2%2Fcomments&post=59"}],"version-history":[{"count":2,"href":"https:\/\/zaglebie.net\/index.php?rest_route=\/wp\/v2\/pages\/59\/revisions"}],"predecessor-version":[{"id":3278,"href":"https:\/\/zaglebie.net\/index.php?rest_route=\/wp\/v2\/pages\/59\/revisions\/3278"}],"wp:attachment":[{"href":"https:\/\/zaglebie.net\/index.php?rest_route=%2Fwp%2Fv2%2Fmedia&parent=59"}],"curies":[{"name":"wp","href":"https:\/\/api.w.org\/{rel}","templated":true}]}}